{"id":167,"date":"2025-03-04T09:30:03","date_gmt":"2025-03-04T09:30:03","guid":{"rendered":"http:\/\/tittyproductions.com\/?page_id=167"},"modified":"2025-03-07T09:28:41","modified_gmt":"2025-03-07T09:28:41","slug":"deine-bewerbung","status":"publish","type":"page","link":"http:\/\/tittyproductions.com\/en\/deine-bewerbung","title":{"rendered":"Your application"},"content":{"rendered":"\n<p>Der <mark style=\"background-color:rgba(0, 0, 0, 0)\" class=\"has-inline-color has-vivid-purple-color\"><strong>Startpunkt f\u00fcr deine Karriere in der Erwachsenen-Unterhaltung<\/strong><\/mark> ist hier. Bewirb dich f\u00fcr deine Rolle in einer unserer Produktionen! Wie immer <strong>100% diskret und anonym (ohne dein Gesicht)<\/strong> und mit fairer Entlohnung. <\/p>\n\n\n\n<p>Du hast noch Zweifel\/Fragen? Schick uns gerne eine Email an info@tittyproductions.com!<\/p>\n\n\n\n<h3 class=\"wp-block-heading\">Aktuell suchen wir:<\/h3>\n\n\n\n<ul class=\"wp-block-list\">\n<li>Darstellerinnen im Raum Saarland\/Rheinland-Pfalz, 18-50 Jahre f\u00fcr Video-Drehs im April\/Mai 2025<\/li>\n\n\n\n<li>Darstellerinnen im Raum Saarbr\u00fccken, 18-25 Jahre f\u00fcr Video-Drehs im Mai\/Juni 2025, Thema &#8222;Studentin&#8220; <a href=\"http:\/\/tittyproductions.com\/erotik-model-studentin\" data-type=\"link\" data-id=\"http:\/\/tittyproductions.com\/erotik-model-studentin\">mehr Infos&#8230;<\/a><\/li>\n<\/ul>\n\n\n\n<hr class=\"wp-block-separator has-text-color has-vivid-purple-color has-alpha-channel-opacity has-vivid-purple-background-color has-background\"\/>\n\n\n<div class=\"frm_forms  with_frm_style frm_style_formidable-stil\" id=\"frm_form_1_container\" data-token=\"b25e6a0d77d61a734c539743405da9b9\">\n<form enctype=\"multipart\/form-data\" method=\"post\" class=\"frm-show-form \" id=\"form_contact-form-de\" data-token=\"b25e6a0d77d61a734c539743405da9b9\">\n<div class=\"frm_form_fields \">\n<fieldset>\n<legend class=\"frm_screen_reader\">Deine Bewerbung<\/legend>\r\n\r\n<div class=\"frm_fields_container\">\n<input type=\"hidden\" name=\"frm_action\" value=\"create\" \/>\n<input type=\"hidden\" name=\"form_id\" value=\"1\" \/>\n<input type=\"hidden\" name=\"frm_hide_fields_1\" id=\"frm_hide_fields_1\" value=\"\" \/>\n<input type=\"hidden\" name=\"form_key\" value=\"contact-form-de\" \/>\n<input type=\"hidden\" name=\"item_meta[0]\" value=\"\" \/>\n<input type=\"hidden\" id=\"frm_submit_entry_1\" name=\"frm_submit_entry_1\" value=\"22d3c0340c\" \/><input type=\"hidden\" name=\"_wp_http_referer\" value=\"\/en\/wp-json\/wp\/v2\/pages\/167\" \/><div id=\"frm_field_1_container\" class=\"frm_form_field form-field  frm_required_field frm_top_container frm4 frm_first\">\r\n\t<label for=\"field_qh4icy\" id=\"field_qh4icy_label\" class=\"frm_primary_label\">Vorname\r\n\t\t<span class=\"frm_required\" aria-hidden=\"true\">*<\/span>\r\n\t<\/label>\r\n\t<input type=\"text\" id=\"field_qh4icy\" name=\"item_meta[1]\" value=\"\"  data-reqmsg=\"Vorname kann nicht leer sein.\" aria-required=\"true\" data-invmsg=\"Vorname ist ung\u00fcltig\" aria-invalid=\"false\"  \/>\r\n\t\r\n\t\r\n<\/div>\n<div id=\"frm_field_2_container\" class=\"frm_form_field form-field  frm_top_container frm4\">\r\n\t<label for=\"field_ocfup1\" id=\"field_ocfup1_label\" class=\"frm_primary_label\">Nachname\r\n\t\t<span class=\"frm_required\" aria-hidden=\"true\"><\/span>\r\n\t<\/label>\r\n\t<input type=\"text\" id=\"field_ocfup1\" name=\"item_meta[2]\" value=\"\"  data-invmsg=\"Nachname ist ung\u00fcltig\" aria-invalid=\"false\"  \/>\r\n\t\r\n\t\r\n<\/div>\n<div id=\"frm_field_8_container\" class=\"frm_form_field form-field  frm_top_container frm4\">\r\n\t<label for=\"field_7p123\" id=\"field_7p123_label\" class=\"frm_primary_label\">Wohnort\/Region\r\n\t\t<span class=\"frm_required\" aria-hidden=\"true\"><\/span>\r\n\t<\/label>\r\n\t<input type=\"text\" id=\"field_7p123\" name=\"item_meta[8]\" value=\"\"  data-invmsg=\"Wohnort\/Region ist ung\u00fcltig\" aria-invalid=\"false\"  \/>\r\n\t\r\n\t\r\n<\/div>\n<div id=\"frm_field_3_container\" class=\"frm_form_field form-field  frm_required_field frm_top_container frm12 frm_first\">\r\n\t<label for=\"field_29yf4d\" id=\"field_29yf4d_label\" class=\"frm_primary_label\">Email\r\n\t\t<span class=\"frm_required\" aria-hidden=\"true\">*<\/span>\r\n\t<\/label>\r\n\t<input type=\"email\" id=\"field_29yf4d\" name=\"item_meta[3]\" value=\"\"  data-reqmsg=\"Email kann nicht leer sein.\" aria-required=\"true\" data-invmsg=\"Please enter a valid email address\" aria-invalid=\"false\"  \/>\r\n\t\r\n\t\r\n<\/div>\n<div id=\"frm_field_10_container\" class=\"frm_form_field form-field  frm_top_container frm4 frm_first\">\r\n\t<label for=\"field_a5gep\" id=\"field_a5gep_label\" class=\"frm_primary_label\">Deine Gr\u00f6\u00dfe\r\n\t\t<span class=\"frm_required\" aria-hidden=\"true\"><\/span>\r\n\t<\/label>\r\n\t<input type=\"text\" id=\"field_a5gep\" name=\"item_meta[10]\" value=\"\"  data-invmsg=\"Deine Gr\u00f6\u00dfe ist ung\u00fcltig\" aria-invalid=\"false\"  \/>\r\n\t\r\n\t\r\n<\/div>\n<div id=\"frm_field_9_container\" class=\"frm_form_field form-field  frm_top_container frm4\">\r\n\t<label for=\"field_zo7z0\" id=\"field_zo7z0_label\" class=\"frm_primary_label\">Dein Gewicht\r\n\t\t<span class=\"frm_required\" aria-hidden=\"true\"><\/span>\r\n\t<\/label>\r\n\t<input type=\"text\" id=\"field_zo7z0\" name=\"item_meta[9]\" value=\"\"  data-invmsg=\"Dein Gewicht ist ung\u00fcltig\" aria-invalid=\"false\"  \/>\r\n\t\r\n\t\r\n<\/div>\n<div id=\"frm_field_11_container\" class=\"frm_form_field form-field  frm_top_container frm4\">\r\n\t<label for=\"field_ike51\" id=\"field_ike51_label\" class=\"frm_primary_label\">Dein Alter\r\n\t\t<span class=\"frm_required\" aria-hidden=\"true\"><\/span>\r\n\t<\/label>\r\n\t<input type=\"text\" id=\"field_ike51\" name=\"item_meta[11]\" value=\"\"  data-invmsg=\"Dein Alter ist ung\u00fcltig\" aria-invalid=\"false\"  \/>\r\n\t\r\n\t\r\n<\/div>\n<div id=\"frm_field_19_container\" class=\"frm_form_field form-field  frm_top_container frm6 frm_first\">\r\n\t<label for=\"field_cybv6\" id=\"field_cybv6_label\" class=\"frm_primary_label\">Dein K\u00f6rpertyp\r\n\t\t<span class=\"frm_required\" aria-hidden=\"true\"><\/span>\r\n\t<\/label>\r\n\t\t\t<select name=\"item_meta[19]\" id=\"field_cybv6\"  data-invmsg=\"Dein K\u00f6rpertyp is invalid\" aria-invalid=\"false\"  >\n\t\t<option  value=\"skinny\/petite\">skinny\/petite<\/option><option  value=\"schlank\/slim\">schlank\/slim<\/option><option  value=\"sportlich\/athletic\">sportlich\/athletic<\/option><option  value=\"normal\/regular\">normal\/regular<\/option><option  value=\"leicht rundlich\/slightly chubby\">leicht rundlich\/slightly chubby<\/option><option  value=\"mollig\/chubby\">mollig\/chubby<\/option><option  value=\"dick\/fat\">dick\/fat<\/option>\t<\/select>\n\t\r\n\t\r\n\t\r\n<\/div>\n<div id=\"frm_field_21_container\" class=\"frm_form_field form-field  frm_top_container frm6\">\r\n\t<label for=\"field_ygk2a\" id=\"field_ygk2a_label\" class=\"frm_primary_label\">Deine K\u00f6rbchengr\u00f6\u00dfe\r\n\t\t<span class=\"frm_required\" aria-hidden=\"true\"><\/span>\r\n\t<\/label>\r\n\t\t\t<select name=\"item_meta[21]\" id=\"field_ygk2a\"  data-invmsg=\"Deine K\u00f6rbchengr\u00f6\u00dfe is invalid\" aria-invalid=\"false\"  >\n\t\t<option  value=\"A\">A<\/option><option  value=\"B\">B<\/option><option  value=\"C\">C<\/option><option  value=\"D\">D<\/option><option  value=\"E\">E<\/option><option  value=\"F\">F<\/option><option  value=\"&gt; F\">&gt; F<\/option>\t<\/select>\n\t\r\n\t\r\n\t\r\n<\/div>\n<div id=\"frm_field_20_container\" class=\"frm_form_field form-field  frm_top_container frm12 frm_first\">\r\n\t<label for=\"field_lg341\" id=\"field_lg341_label\" class=\"frm_primary_label\">Deine sexuelle Orientierung\r\n\t\t<span class=\"frm_required\" aria-hidden=\"true\"><\/span>\r\n\t<\/label>\r\n\t\t\t<select name=\"item_meta[20]\" id=\"field_lg341\"  data-invmsg=\"Deine sexuelle Orientierung is invalid\" class=\"auto_width\" aria-invalid=\"false\"  >\n\t\t<option  value=\"hetero\">hetero<\/option><option  value=\"bi\">bi<\/option><option  value=\"trans\">trans<\/option>\t<\/select>\n\t\r\n\t\r\n\t\r\n<\/div>\n<div id=\"frm_field_12_container\" class=\"frm_form_field form-field  frm_top_container frm4 frm_first vertical_radio\">\r\n\t<div  id=\"field_1yofy_label\" class=\"frm_primary_label\">Bist du Raucherin?\r\n\t\t<span class=\"frm_required\" aria-hidden=\"true\"><\/span>\r\n\t<\/div>\r\n\t<div class=\"frm_opt_container\" aria-labelledby=\"field_1yofy_label\" role=\"radiogroup\">\t\t<div class=\"frm_radio\" id=\"frm_radio_12-0\">\t\t\t<label  for=\"field_1yofy-0\">\n\t\t\t\t\t<input type=\"radio\" name=\"item_meta[12]\" id=\"field_1yofy-0\" value=\"Ja\"\n\t\t data-invmsg=\"Bist du Raucherin? is invalid\"   \/> Ja<\/label><\/div>\n\t\t<div class=\"frm_radio\" id=\"frm_radio_12-1\">\t\t\t<label  for=\"field_1yofy-1\">\n\t\t\t\t\t<input type=\"radio\" name=\"item_meta[12]\" id=\"field_1yofy-1\" value=\"Nein\"\n\t\t data-invmsg=\"Bist du Raucherin? is invalid\"   \/> Nein<\/label><\/div>\n<\/div>\r\n\t\r\n\t\r\n<\/div>\n<div id=\"frm_field_18_container\" class=\"frm_form_field form-field  frm_top_container frm4 vertical_radio\">\r\n\t<div  id=\"field_3wwx5_label\" class=\"frm_primary_label\">Hast du Tattoos\/Piercings?\r\n\t\t<span class=\"frm_required\" aria-hidden=\"true\"><\/span>\r\n\t<\/div>\r\n\t<div class=\"frm_opt_container\" aria-labelledby=\"field_3wwx5_label\" role=\"radiogroup\">\t\t<div class=\"frm_radio\" id=\"frm_radio_18-0\">\t\t\t<label  for=\"field_3wwx5-0\">\n\t\t\t\t\t<input type=\"radio\" name=\"item_meta[18]\" id=\"field_3wwx5-0\" value=\"Ja beides\"\n\t\t data-invmsg=\"Hast du Tattoos\/Piercings? is invalid\"   \/> Ja beides<\/label><\/div>\n\t\t<div class=\"frm_radio\" id=\"frm_radio_18-2\">\t\t\t<label  for=\"field_3wwx5-2\">\n\t\t\t\t\t<input type=\"radio\" name=\"item_meta[18]\" id=\"field_3wwx5-2\" value=\"nur Tattoo\"\n\t\t data-invmsg=\"Hast du Tattoos\/Piercings? is invalid\"   \/> nur Tattoo<\/label><\/div>\n\t\t<div class=\"frm_radio\" id=\"frm_radio_18-3\">\t\t\t<label  for=\"field_3wwx5-3\">\n\t\t\t\t\t<input type=\"radio\" name=\"item_meta[18]\" id=\"field_3wwx5-3\" value=\"nur Percing\"\n\t\t data-invmsg=\"Hast du Tattoos\/Piercings? is invalid\"   \/> nur Percing<\/label><\/div>\n\t\t<div class=\"frm_radio\" id=\"frm_radio_18-1\">\t\t\t<label  for=\"field_3wwx5-1\">\n\t\t\t\t\t<input type=\"radio\" name=\"item_meta[18]\" id=\"field_3wwx5-1\" value=\"Nein\"\n\t\t data-invmsg=\"Hast du Tattoos\/Piercings? is invalid\"   \/> Nein<\/label><\/div>\n<\/div>\r\n\t\r\n\t\r\n<\/div>\n<div id=\"frm_field_22_container\" class=\"frm_form_field form-field  frm_top_container frm4 vertical_radio\">\r\n\t<div  id=\"field_hguch_label\" class=\"frm_primary_label\">Hast du eine Brustvergr\u00f6\u00dferung?\r\n\t\t<span class=\"frm_required\" aria-hidden=\"true\"><\/span>\r\n\t<\/div>\r\n\t<div class=\"frm_opt_container\" aria-labelledby=\"field_hguch_label\" role=\"radiogroup\">\t\t<div class=\"frm_radio\" id=\"frm_radio_22-0\">\t\t\t<label  for=\"field_hguch-0\">\n\t\t\t\t\t<input type=\"radio\" name=\"item_meta[22]\" id=\"field_hguch-0\" value=\"Ja\"\n\t\t data-invmsg=\"Hast du eine Brustvergr\u00f6\u00dferung? is invalid\"   \/> Ja<\/label><\/div>\n\t\t<div class=\"frm_radio\" id=\"frm_radio_22-1\">\t\t\t<label  for=\"field_hguch-1\">\n\t\t\t\t\t<input type=\"radio\" name=\"item_meta[22]\" id=\"field_hguch-1\" value=\"Nein\"\n\t\t data-invmsg=\"Hast du eine Brustvergr\u00f6\u00dferung? is invalid\"   \/> Nein<\/label><\/div>\n<\/div>\r\n\t\r\n\t\r\n<\/div>\n<div id=\"frm_field_7_container\" class=\"frm_form_field form-field  frm_top_container frm12 frm_first\">\r\n\t<label for=\"field_cefmf\" id=\"field_cefmf_label\" class=\"frm_primary_label\">Deine Vorlieben\/NoGos f\u00fcr einen Filmdreh\r\n\t\t<span class=\"frm_required\" aria-hidden=\"true\"><\/span>\r\n\t<\/label>\r\n\t<input type=\"text\" id=\"field_cefmf\" name=\"item_meta[7]\" value=\"\"  data-invmsg=\"Deine Vorlieben\/NoGos f\u00fcr einen Filmdreh ist ung\u00fcltig\" aria-invalid=\"false\"  \/>\r\n\t\r\n\t\r\n<\/div>\n<div id=\"frm_field_5_container\" class=\"frm_form_field form-field  frm_top_container frm12 frm_first\">\r\n\t<label for=\"field_9jv0r1\" id=\"field_9jv0r1_label\" class=\"frm_primary_label\">Deine Nachricht an uns (optional)\r\n\t\t<span class=\"frm_required\" aria-hidden=\"true\"><\/span>\r\n\t<\/label>\r\n\t<textarea name=\"item_meta[5]\" id=\"field_9jv0r1\" rows=\"5\"  data-invmsg=\"Deine Nachricht an uns (optional) is invalid\" aria-invalid=\"false\"  ><\/textarea>\r\n\t\r\n\t\r\n<\/div>\n<div id=\"frm_field_16_container\" class=\"frm_form_field  frm12 frm_first frm_html_container form-field\">\n<p><strong>Wir freuen uns auf deine Nachricht.<\/strong> Mit dem Absenden startest du den Bewerbungs- und Auswahlprozess bei Titty Productions. Bitte achte auf eine <strong>korrekte Email-Adresse<\/strong>, damit wir dich im Anschluss kontaktieren k\u00f6nnen.<\/p>\n<p>Deine Daten werden absolut vertraulich gem\u00e4\u00df unserer Datenschutzbestimmungen und geltendem Recht behandelt.<\/p>\n<\/div>\n<div id=\"frm_field_14_container\" class=\"frm_form_field form-field  frm_none_container\">\r\n\t<label for=\"g-recaptcha-response\" id=\"field_mu17c_label\" class=\"frm_primary_label\">Captcha\r\n\t\t<span class=\"frm_required\" aria-hidden=\"true\"><\/span>\r\n\t<\/label>\r\n\t<div  id=\"field_mu17c\" class=\"frm-g-recaptcha\" data-sitekey=\"6LfAFOoqAAAAAG9KP0riiT9yC0fHlT1VlZ-ct7Cx\" data-size=\"invisible\" data-theme=\"light\"><\/div>\r\n\t\r\n\t\r\n<\/div>\n<div id=\"frm_field_6_container\" class=\"frm_form_field form-field \">\r\n\t<div class=\"frm_submit frm_flex\">\r\n<button class=\"frm_button_submit\" type=\"submit\"  >Senden<\/button>\r\n\r\n\r\n\r\n<\/div>\r\n<\/div>\n\t<input type=\"hidden\" name=\"item_key\" value=\"\" \/>\n\t\t\t<div id=\"frm_field_24_container\">\n\t\t\t<label for=\"field_7jxiu\" >\n\t\t\t\tIf you are human, leave this field blank.\t\t\t<\/label>\n\t\t\t<input  id=\"field_7jxiu\" type=\"text\" class=\"frm_form_field form-field frm_verify\" name=\"item_meta[24]\" value=\"\"  \/>\n\t\t<\/div>\n\t\t<input name=\"frm_state\" type=\"hidden\" value=\"AEDiA\/69XajgRPJkwOwxBN\/\/Q94SUFPtLmF1LJQRFIU=\" \/><\/div>\n<\/fieldset>\n<\/div>\n\n<\/form>\n<\/div>\n","protected":false},"excerpt":{"rendered":"<p>Der Startpunkt f\u00fcr deine Karriere in der Erwachsenen-Unterhaltung ist hier. Bewirb dich f\u00fcr deine Rolle in einer unserer Produktionen! Wie immer 100% diskret und anonym (ohne dein Gesicht) und mit fairer Entlohnung. Du hast noch Zweifel\/Fragen? Schick uns gerne eine Email an info@tittyproductions.com! Aktuell suchen wir:<\/p>","protected":false},"author":1,"featured_media":0,"parent":0,"menu_order":0,"comment_status":"closed","ping_status":"closed","template":"templates\/template-page-full-width.php","meta":{"footnotes":""},"class_list":["post-167","page","type-page","status-publish","hentry"],"yoast_head":"<!-- This site is optimized with the Yoast SEO plugin v27.4 - https:\/\/yoast.com\/product\/yoast-seo-wordpress\/ -->\n<title>Deine Bewerbung - Titty Productions<\/title>\n<meta name=\"robots\" content=\"index, follow, max-snippet:-1, max-image-preview:large, max-video-preview:-1\" \/>\n<link rel=\"canonical\" href=\"http:\/\/tittyproductions.com\/en\/deine-bewerbung\/\" \/>\n<meta property=\"og:locale\" content=\"en_US\" \/>\n<meta property=\"og:type\" content=\"article\" \/>\n<meta property=\"og:title\" content=\"Deine Bewerbung - Titty Productions\" \/>\n<meta property=\"og:description\" content=\"Der Startpunkt f\u00fcr deine Karriere in der Erwachsenen-Unterhaltung ist hier. Bewirb dich f\u00fcr deine Rolle in einer unserer Produktionen! Wie immer 100% diskret und anonym (ohne dein Gesicht) und mit fairer Entlohnung. Du hast noch Zweifel\/Fragen? Schick uns gerne eine Email an info@tittyproductions.com! Aktuell suchen wir:\" \/>\n<meta property=\"og:url\" content=\"http:\/\/tittyproductions.com\/en\/deine-bewerbung\/\" \/>\n<meta property=\"og:site_name\" content=\"Titty Productions\" \/>\n<meta property=\"article:modified_time\" content=\"2025-03-07T09:28:41+00:00\" \/>\n<meta name=\"twitter:card\" content=\"summary_large_image\" \/>\n<script type=\"application\/ld+json\" class=\"yoast-schema-graph\">{\"@context\":\"https:\\\/\\\/schema.org\",\"@graph\":[{\"@type\":\"WebPage\",\"@id\":\"http:\\\/\\\/tittyproductions.com\\\/deine-bewerbung\",\"url\":\"http:\\\/\\\/tittyproductions.com\\\/deine-bewerbung\",\"name\":\"Deine Bewerbung - Titty Productions\",\"isPartOf\":{\"@id\":\"http:\\\/\\\/tittyproductions.com\\\/#website\"},\"datePublished\":\"2025-03-04T09:30:03+00:00\",\"dateModified\":\"2025-03-07T09:28:41+00:00\",\"breadcrumb\":{\"@id\":\"http:\\\/\\\/tittyproductions.com\\\/deine-bewerbung#breadcrumb\"},\"inLanguage\":\"en-US\",\"potentialAction\":[{\"@type\":\"ReadAction\",\"target\":[\"http:\\\/\\\/tittyproductions.com\\\/deine-bewerbung\"]}]},{\"@type\":\"BreadcrumbList\",\"@id\":\"http:\\\/\\\/tittyproductions.com\\\/deine-bewerbung#breadcrumb\",\"itemListElement\":[{\"@type\":\"ListItem\",\"position\":1,\"name\":\"Startseite\",\"item\":\"http:\\\/\\\/tittyproductions.com\\\/\"},{\"@type\":\"ListItem\",\"position\":2,\"name\":\"Deine Bewerbung\"}]},{\"@type\":\"WebSite\",\"@id\":\"http:\\\/\\\/tittyproductions.com\\\/#website\",\"url\":\"http:\\\/\\\/tittyproductions.com\\\/\",\"name\":\"Titty Productions\",\"description\":\"\",\"publisher\":{\"@id\":\"http:\\\/\\\/tittyproductions.com\\\/#organization\"},\"potentialAction\":[{\"@type\":\"SearchAction\",\"target\":{\"@type\":\"EntryPoint\",\"urlTemplate\":\"http:\\\/\\\/tittyproductions.com\\\/?s={search_term_string}\"},\"query-input\":{\"@type\":\"PropertyValueSpecification\",\"valueRequired\":true,\"valueName\":\"search_term_string\"}}],\"inLanguage\":\"en-US\"},{\"@type\":\"Organization\",\"@id\":\"http:\\\/\\\/tittyproductions.com\\\/#organization\",\"name\":\"Titty Productions - Dein Einstieg in die Erwachsenen-Unterhaltung\",\"url\":\"http:\\\/\\\/tittyproductions.com\\\/\",\"logo\":{\"@type\":\"ImageObject\",\"inLanguage\":\"en-US\",\"@id\":\"http:\\\/\\\/tittyproductions.com\\\/#\\\/schema\\\/logo\\\/image\\\/\",\"url\":\"http:\\\/\\\/tittyproductions.com\\\/wp-content\\\/uploads\\\/2025\\\/02\\\/tittyproductions_logo_animated.gif\",\"contentUrl\":\"http:\\\/\\\/tittyproductions.com\\\/wp-content\\\/uploads\\\/2025\\\/02\\\/tittyproductions_logo_animated.gif\",\"width\":1200,\"height\":1200,\"caption\":\"Titty Productions - Dein Einstieg in die Erwachsenen-Unterhaltung\"},\"image\":{\"@id\":\"http:\\\/\\\/tittyproductions.com\\\/#\\\/schema\\\/logo\\\/image\\\/\"},\"sameAs\":[\"https:\\\/\\\/www.instagram.com\\\/tittyproductions\\\/\"]}]}<\/script>\n<!-- \/ Yoast SEO plugin. -->","yoast_head_json":{"title":"Deine Bewerbung - Titty Productions","robots":{"index":"index","follow":"follow","max-snippet":"max-snippet:-1","max-image-preview":"max-image-preview:large","max-video-preview":"max-video-preview:-1"},"canonical":"http:\/\/tittyproductions.com\/en\/deine-bewerbung\/","og_locale":"en_US","og_type":"article","og_title":"Deine Bewerbung - Titty Productions","og_description":"Der Startpunkt f\u00fcr deine Karriere in der Erwachsenen-Unterhaltung ist hier. Bewirb dich f\u00fcr deine Rolle in einer unserer Produktionen! Wie immer 100% diskret und anonym (ohne dein Gesicht) und mit fairer Entlohnung. Du hast noch Zweifel\/Fragen? Schick uns gerne eine Email an info@tittyproductions.com! Aktuell suchen wir:","og_url":"http:\/\/tittyproductions.com\/en\/deine-bewerbung\/","og_site_name":"Titty Productions","article_modified_time":"2025-03-07T09:28:41+00:00","twitter_card":"summary_large_image","schema":{"@context":"https:\/\/schema.org","@graph":[{"@type":"WebPage","@id":"http:\/\/tittyproductions.com\/deine-bewerbung","url":"http:\/\/tittyproductions.com\/deine-bewerbung","name":"Deine Bewerbung - Titty Productions","isPartOf":{"@id":"http:\/\/tittyproductions.com\/#website"},"datePublished":"2025-03-04T09:30:03+00:00","dateModified":"2025-03-07T09:28:41+00:00","breadcrumb":{"@id":"http:\/\/tittyproductions.com\/deine-bewerbung#breadcrumb"},"inLanguage":"en-US","potentialAction":[{"@type":"ReadAction","target":["http:\/\/tittyproductions.com\/deine-bewerbung"]}]},{"@type":"BreadcrumbList","@id":"http:\/\/tittyproductions.com\/deine-bewerbung#breadcrumb","itemListElement":[{"@type":"ListItem","position":1,"name":"Startseite","item":"http:\/\/tittyproductions.com\/"},{"@type":"ListItem","position":2,"name":"Deine Bewerbung"}]},{"@type":"WebSite","@id":"http:\/\/tittyproductions.com\/#website","url":"http:\/\/tittyproductions.com\/","name":"Titty Productions","description":"","publisher":{"@id":"http:\/\/tittyproductions.com\/#organization"},"potentialAction":[{"@type":"SearchAction","target":{"@type":"EntryPoint","urlTemplate":"http:\/\/tittyproductions.com\/?s={search_term_string}"},"query-input":{"@type":"PropertyValueSpecification","valueRequired":true,"valueName":"search_term_string"}}],"inLanguage":"en-US"},{"@type":"Organization","@id":"http:\/\/tittyproductions.com\/#organization","name":"Titty Productions - Dein Einstieg in die Erwachsenen-Unterhaltung","url":"http:\/\/tittyproductions.com\/","logo":{"@type":"ImageObject","inLanguage":"en-US","@id":"http:\/\/tittyproductions.com\/#\/schema\/logo\/image\/","url":"http:\/\/tittyproductions.com\/wp-content\/uploads\/2025\/02\/tittyproductions_logo_animated.gif","contentUrl":"http:\/\/tittyproductions.com\/wp-content\/uploads\/2025\/02\/tittyproductions_logo_animated.gif","width":1200,"height":1200,"caption":"Titty Productions - Dein Einstieg in die Erwachsenen-Unterhaltung"},"image":{"@id":"http:\/\/tittyproductions.com\/#\/schema\/logo\/image\/"},"sameAs":["https:\/\/www.instagram.com\/tittyproductions\/"]}]}},"_links":{"self":[{"href":"http:\/\/tittyproductions.com\/en\/wp-json\/wp\/v2\/pages\/167","targetHints":{"allow":["GET"]}}],"collection":[{"href":"http:\/\/tittyproductions.com\/en\/wp-json\/wp\/v2\/pages"}],"about":[{"href":"http:\/\/tittyproductions.com\/en\/wp-json\/wp\/v2\/types\/page"}],"author":[{"embeddable":true,"href":"http:\/\/tittyproductions.com\/en\/wp-json\/wp\/v2\/users\/1"}],"replies":[{"embeddable":true,"href":"http:\/\/tittyproductions.com\/en\/wp-json\/wp\/v2\/comments?post=167"}],"version-history":[{"count":7,"href":"http:\/\/tittyproductions.com\/en\/wp-json\/wp\/v2\/pages\/167\/revisions"}],"predecessor-version":[{"id":240,"href":"http:\/\/tittyproductions.com\/en\/wp-json\/wp\/v2\/pages\/167\/revisions\/240"}],"wp:attachment":[{"href":"http:\/\/tittyproductions.com\/en\/wp-json\/wp\/v2\/media?parent=167"}],"curies":[{"name":"wp","href":"https:\/\/api.w.org\/{rel}","templated":true}]}}