{"id":180,"date":"2025-03-04T09:55:20","date_gmt":"2025-03-04T09:55:20","guid":{"rendered":"http:\/\/tittyproductions.com\/?page_id=180"},"modified":"2025-03-04T09:55:27","modified_gmt":"2025-03-04T09:55:27","slug":"kontakt","status":"publish","type":"page","link":"http:\/\/tittyproductions.com\/en\/kontakt","title":{"rendered":"Contact"},"content":{"rendered":"<p>Do you have any questions, suggestions or would you like to find out more about our agency? We look forward to hearing from you! Our team will be happy to answer all your questions and help you further.<\/p>\n\n\n\n<p><strong>How to reach us:<\/strong><\/p>\n\n\n\n<p><strong>Email:<\/strong><br>Just send us an e-mail to <strong><a>info@tittyproductions.com<\/a><\/strong>. We will endeavor to respond as quickly as possible and are available for all inquiries.<\/p>\n\n\n\n<p>We would love to hear from you and get in touch with you!<\/p>","protected":false},"excerpt":{"rendered":"<p>Hast du Fragen, Anregungen oder m\u00f6chtest mehr \u00fcber unsere Agentur erfahren? Wir freuen uns, von dir zu h\u00f6ren! Unser Team steht dir gerne zur Verf\u00fcgung, um alle deine Anliegen zu beantworten und dir weiterzuhelfen. So erreichst du uns: E-Mail:Schreib uns einfach eine E-Mail an info@tittyproductions.com. Wir bem\u00fchen uns, so schnell wie m\u00f6glich zu antworten und [&hellip;]<\/p>\n","protected":false},"author":1,"featured_media":0,"parent":0,"menu_order":0,"comment_status":"closed","ping_status":"closed","template":"","meta":{"footnotes":""},"class_list":["post-180","page","type-page","status-publish","hentry"],"yoast_head":"<!-- This site is optimized with the Yoast SEO plugin v27.4 - https:\/\/yoast.com\/product\/yoast-seo-wordpress\/ -->\n<title>Kontakt - Titty Productions<\/title>\n<meta name=\"robots\" content=\"index, follow, max-snippet:-1, max-image-preview:large, max-video-preview:-1\" \/>\n<link rel=\"canonical\" href=\"http:\/\/tittyproductions.com\/en\/kontakt\/\" \/>\n<meta property=\"og:locale\" content=\"en_US\" \/>\n<meta property=\"og:type\" content=\"article\" \/>\n<meta property=\"og:title\" content=\"Kontakt - Titty Productions\" \/>\n<meta property=\"og:description\" content=\"Hast du Fragen, Anregungen oder m\u00f6chtest mehr \u00fcber unsere Agentur erfahren? Wir freuen uns, von dir zu h\u00f6ren! Unser Team steht dir gerne zur Verf\u00fcgung, um alle deine Anliegen zu beantworten und dir weiterzuhelfen. So erreichst du uns: E-Mail:Schreib uns einfach eine E-Mail an info@tittyproductions.com. Wir bem\u00fchen uns, so schnell wie m\u00f6glich zu antworten und [&hellip;]\" \/>\n<meta property=\"og:url\" content=\"http:\/\/tittyproductions.com\/en\/kontakt\/\" \/>\n<meta property=\"og:site_name\" content=\"Titty Productions\" \/>\n<meta property=\"article:modified_time\" content=\"2025-03-04T09:55:27+00:00\" \/>\n<meta name=\"twitter:card\" content=\"summary_large_image\" \/>\n<script type=\"application\/ld+json\" class=\"yoast-schema-graph\">{\"@context\":\"https:\\\/\\\/schema.org\",\"@graph\":[{\"@type\":\"WebPage\",\"@id\":\"http:\\\/\\\/tittyproductions.com\\\/kontakt\",\"url\":\"http:\\\/\\\/tittyproductions.com\\\/kontakt\",\"name\":\"Kontakt - Titty Productions\",\"isPartOf\":{\"@id\":\"http:\\\/\\\/tittyproductions.com\\\/#website\"},\"datePublished\":\"2025-03-04T09:55:20+00:00\",\"dateModified\":\"2025-03-04T09:55:27+00:00\",\"breadcrumb\":{\"@id\":\"http:\\\/\\\/tittyproductions.com\\\/kontakt#breadcrumb\"},\"inLanguage\":\"en-US\",\"potentialAction\":[{\"@type\":\"ReadAction\",\"target\":[\"http:\\\/\\\/tittyproductions.com\\\/kontakt\"]}]},{\"@type\":\"BreadcrumbList\",\"@id\":\"http:\\\/\\\/tittyproductions.com\\\/kontakt#breadcrumb\",\"itemListElement\":[{\"@type\":\"ListItem\",\"position\":1,\"name\":\"Startseite\",\"item\":\"http:\\\/\\\/tittyproductions.com\\\/\"},{\"@type\":\"ListItem\",\"position\":2,\"name\":\"Kontakt\"}]},{\"@type\":\"WebSite\",\"@id\":\"http:\\\/\\\/tittyproductions.com\\\/#website\",\"url\":\"http:\\\/\\\/tittyproductions.com\\\/\",\"name\":\"Titty Productions\",\"description\":\"\",\"publisher\":{\"@id\":\"http:\\\/\\\/tittyproductions.com\\\/#organization\"},\"potentialAction\":[{\"@type\":\"SearchAction\",\"target\":{\"@type\":\"EntryPoint\",\"urlTemplate\":\"http:\\\/\\\/tittyproductions.com\\\/?s={search_term_string}\"},\"query-input\":{\"@type\":\"PropertyValueSpecification\",\"valueRequired\":true,\"valueName\":\"search_term_string\"}}],\"inLanguage\":\"en-US\"},{\"@type\":\"Organization\",\"@id\":\"http:\\\/\\\/tittyproductions.com\\\/#organization\",\"name\":\"Titty Productions - Dein Einstieg in die Erwachsenen-Unterhaltung\",\"url\":\"http:\\\/\\\/tittyproductions.com\\\/\",\"logo\":{\"@type\":\"ImageObject\",\"inLanguage\":\"en-US\",\"@id\":\"http:\\\/\\\/tittyproductions.com\\\/#\\\/schema\\\/logo\\\/image\\\/\",\"url\":\"http:\\\/\\\/tittyproductions.com\\\/wp-content\\\/uploads\\\/2025\\\/02\\\/tittyproductions_logo_animated.gif\",\"contentUrl\":\"http:\\\/\\\/tittyproductions.com\\\/wp-content\\\/uploads\\\/2025\\\/02\\\/tittyproductions_logo_animated.gif\",\"width\":1200,\"height\":1200,\"caption\":\"Titty Productions - Dein Einstieg in die Erwachsenen-Unterhaltung\"},\"image\":{\"@id\":\"http:\\\/\\\/tittyproductions.com\\\/#\\\/schema\\\/logo\\\/image\\\/\"},\"sameAs\":[\"https:\\\/\\\/www.instagram.com\\\/tittyproductions\\\/\"]}]}<\/script>\n<!-- \/ Yoast SEO plugin. -->","yoast_head_json":{"title":"Kontakt - Titty Productions","robots":{"index":"index","follow":"follow","max-snippet":"max-snippet:-1","max-image-preview":"max-image-preview:large","max-video-preview":"max-video-preview:-1"},"canonical":"http:\/\/tittyproductions.com\/en\/kontakt\/","og_locale":"en_US","og_type":"article","og_title":"Kontakt - Titty Productions","og_description":"Hast du Fragen, Anregungen oder m\u00f6chtest mehr \u00fcber unsere Agentur erfahren? Wir freuen uns, von dir zu h\u00f6ren! Unser Team steht dir gerne zur Verf\u00fcgung, um alle deine Anliegen zu beantworten und dir weiterzuhelfen. So erreichst du uns: E-Mail:Schreib uns einfach eine E-Mail an info@tittyproductions.com. Wir bem\u00fchen uns, so schnell wie m\u00f6glich zu antworten und [&hellip;]","og_url":"http:\/\/tittyproductions.com\/en\/kontakt\/","og_site_name":"Titty Productions","article_modified_time":"2025-03-04T09:55:27+00:00","twitter_card":"summary_large_image","schema":{"@context":"https:\/\/schema.org","@graph":[{"@type":"WebPage","@id":"http:\/\/tittyproductions.com\/kontakt","url":"http:\/\/tittyproductions.com\/kontakt","name":"Kontakt - Titty Productions","isPartOf":{"@id":"http:\/\/tittyproductions.com\/#website"},"datePublished":"2025-03-04T09:55:20+00:00","dateModified":"2025-03-04T09:55:27+00:00","breadcrumb":{"@id":"http:\/\/tittyproductions.com\/kontakt#breadcrumb"},"inLanguage":"en-US","potentialAction":[{"@type":"ReadAction","target":["http:\/\/tittyproductions.com\/kontakt"]}]},{"@type":"BreadcrumbList","@id":"http:\/\/tittyproductions.com\/kontakt#breadcrumb","itemListElement":[{"@type":"ListItem","position":1,"name":"Startseite","item":"http:\/\/tittyproductions.com\/"},{"@type":"ListItem","position":2,"name":"Kontakt"}]},{"@type":"WebSite","@id":"http:\/\/tittyproductions.com\/#website","url":"http:\/\/tittyproductions.com\/","name":"Titty Productions","description":"","publisher":{"@id":"http:\/\/tittyproductions.com\/#organization"},"potentialAction":[{"@type":"SearchAction","target":{"@type":"EntryPoint","urlTemplate":"http:\/\/tittyproductions.com\/?s={search_term_string}"},"query-input":{"@type":"PropertyValueSpecification","valueRequired":true,"valueName":"search_term_string"}}],"inLanguage":"en-US"},{"@type":"Organization","@id":"http:\/\/tittyproductions.com\/#organization","name":"Titty Productions - Dein Einstieg in die Erwachsenen-Unterhaltung","url":"http:\/\/tittyproductions.com\/","logo":{"@type":"ImageObject","inLanguage":"en-US","@id":"http:\/\/tittyproductions.com\/#\/schema\/logo\/image\/","url":"http:\/\/tittyproductions.com\/wp-content\/uploads\/2025\/02\/tittyproductions_logo_animated.gif","contentUrl":"http:\/\/tittyproductions.com\/wp-content\/uploads\/2025\/02\/tittyproductions_logo_animated.gif","width":1200,"height":1200,"caption":"Titty Productions - Dein Einstieg in die Erwachsenen-Unterhaltung"},"image":{"@id":"http:\/\/tittyproductions.com\/#\/schema\/logo\/image\/"},"sameAs":["https:\/\/www.instagram.com\/tittyproductions\/"]}]}},"_links":{"self":[{"href":"http:\/\/tittyproductions.com\/en\/wp-json\/wp\/v2\/pages\/180","targetHints":{"allow":["GET"]}}],"collection":[{"href":"http:\/\/tittyproductions.com\/en\/wp-json\/wp\/v2\/pages"}],"about":[{"href":"http:\/\/tittyproductions.com\/en\/wp-json\/wp\/v2\/types\/page"}],"author":[{"embeddable":true,"href":"http:\/\/tittyproductions.com\/en\/wp-json\/wp\/v2\/users\/1"}],"replies":[{"embeddable":true,"href":"http:\/\/tittyproductions.com\/en\/wp-json\/wp\/v2\/comments?post=180"}],"version-history":[{"count":1,"href":"http:\/\/tittyproductions.com\/en\/wp-json\/wp\/v2\/pages\/180\/revisions"}],"predecessor-version":[{"id":181,"href":"http:\/\/tittyproductions.com\/en\/wp-json\/wp\/v2\/pages\/180\/revisions\/181"}],"wp:attachment":[{"href":"http:\/\/tittyproductions.com\/en\/wp-json\/wp\/v2\/media?parent=180"}],"curies":[{"name":"wp","href":"https:\/\/api.w.org\/{rel}","templated":true}]}}