{"id":189,"date":"2025-03-04T10:17:23","date_gmt":"2025-03-04T10:17:23","guid":{"rendered":"http:\/\/tittyproductions.com\/?page_id=189"},"modified":"2025-03-12T09:25:44","modified_gmt":"2025-03-12T09:25:44","slug":"casting-dreh","status":"publish","type":"page","link":"http:\/\/tittyproductions.com\/en\/casting-dreh","title":{"rendered":"Casting &amp; Shooting"},"content":{"rendered":"<div class=\"wp-block-image is-style-default\">\n<figure class=\"aligncenter size-large\"><img loading=\"lazy\" decoding=\"async\" width=\"1024\" height=\"683\" src=\"http:\/\/tittyproductions.com\/wp-content\/uploads\/2025\/03\/model-hotel-vorhang-1024x683.jpg\" alt=\"\" class=\"wp-image-90\" srcset=\"http:\/\/tittyproductions.com\/wp-content\/uploads\/2025\/03\/model-hotel-vorhang-1024x683.jpg 1024w, http:\/\/tittyproductions.com\/wp-content\/uploads\/2025\/03\/model-hotel-vorhang-300x200.jpg 300w, http:\/\/tittyproductions.com\/wp-content\/uploads\/2025\/03\/model-hotel-vorhang-768x512.jpg 768w, http:\/\/tittyproductions.com\/wp-content\/uploads\/2025\/03\/model-hotel-vorhang-1536x1024.jpg 1536w, http:\/\/tittyproductions.com\/wp-content\/uploads\/2025\/03\/model-hotel-vorhang-2048x1365.jpg 2048w\" sizes=\"auto, (max-width: 1024px) 100vw, 1024px\" \/><\/figure>\n<\/div>\n\n\n<div style=\"height:50px\" aria-hidden=\"true\" class=\"wp-block-spacer\"><\/div>\n\n\n\n<p>The adult industry is a billion-dollar market worldwide, and with an annual volume of around 200 billion dollars, the online adult market is a fast-growing business. But it has never been easier to get a slice of this huge pie. Thanks to advancements in technology, it is now possible to produce high-quality video content in a way that is both exciting and anonymous.<\/p>\n\n\n\n<p><strong><mark style=\"background-color:rgba(0, 0, 0, 0)\" class=\"has-inline-color has-vivid-purple-color\">Anonymity and freedom - your choice<\/mark><\/strong><\/p>\n\n\n\n<p>At Titty Productions, we produce high-quality erotic clips in which you don't see any faces - just great bodies experiencing exciting, stimulating stories. The stories revolve around the most beautiful side thing in the world and are always filmed in an environment that respects your personal boundaries. You decide exactly what happens: Your preferences, desires and comfort zones come first.<\/p>\n\n\n\n<p>Each video is provided with a unique, individual story that stands out from the usual run-of-the-mill content. We don't offer a standard production, but focus on creativity and individuality to create videos that really captivate and arouse interest. This includes not only scenes in bed, but also filming in special locations, interesting camera perspectives and exciting narrative structures.<\/p>\n\n\n<div class=\"wp-block-image is-style-default\">\n<figure class=\"aligncenter size-large\"><img loading=\"lazy\" decoding=\"async\" width=\"1024\" height=\"683\" src=\"http:\/\/tittyproductions.com\/wp-content\/uploads\/2025\/03\/liebesspiel-toy-1024x683.jpg\" alt=\"\" class=\"wp-image-89\" srcset=\"http:\/\/tittyproductions.com\/wp-content\/uploads\/2025\/03\/liebesspiel-toy-1024x683.jpg 1024w, http:\/\/tittyproductions.com\/wp-content\/uploads\/2025\/03\/liebesspiel-toy-300x200.jpg 300w, http:\/\/tittyproductions.com\/wp-content\/uploads\/2025\/03\/liebesspiel-toy-768x512.jpg 768w, http:\/\/tittyproductions.com\/wp-content\/uploads\/2025\/03\/liebesspiel-toy-1536x1024.jpg 1536w, http:\/\/tittyproductions.com\/wp-content\/uploads\/2025\/03\/liebesspiel-toy-2048x1365.jpg 2048w\" sizes=\"auto, (max-width: 1024px) 100vw, 1024px\" \/><\/figure>\n<\/div>\n\n\n<div style=\"height:50px\" aria-hidden=\"true\" class=\"wp-block-spacer\"><\/div>\n\n\n\n<p><strong><mark style=\"background-color:rgba(0, 0, 0, 0)\" class=\"has-inline-color has-vivid-purple-color\">Discretion &amp; Understanding \u2013 Our Focus<\/mark><\/strong><\/p>\n\n\n\n<p>Discretion is the be-all and end-all for us. You can be sure that your face will not be visible in any video - unless you decide otherwise. Your identity will always be protected. We also attach great importance to ensuring that the chemistry between the filming partners is right. Getting to know each other beforehand as part of a casting is therefore mandatory to ensure that everyone involved feels comfortable and that the atmosphere remains relaxed during the shoot.<\/p>\n\n\n\n<p><strong><mark style=\"background-color:rgba(0, 0, 0, 0)\" class=\"has-inline-color has-vivid-purple-color\">Ready-to-sell videos &amp; more<\/mark><\/strong><\/p>\n\n\n\n<p>After each shoot, the material is carefully edited and offered on up to 30 different video platforms after your final OK. Each video is optimized to achieve the best possible reach. In addition, we also offer the opportunity to sell photos or underwear worn by you or to appear on live cam platforms.<\/p>\n\n\n<div class=\"wp-block-image\">\n<figure class=\"aligncenter size-large\"><img loading=\"lazy\" decoding=\"async\" width=\"1024\" height=\"683\" src=\"http:\/\/tittyproductions.com\/wp-content\/uploads\/2025\/03\/model-struempfe-liegend-1024x683.jpg\" alt=\"\" class=\"wp-image-91\" srcset=\"http:\/\/tittyproductions.com\/wp-content\/uploads\/2025\/03\/model-struempfe-liegend-1024x683.jpg 1024w, http:\/\/tittyproductions.com\/wp-content\/uploads\/2025\/03\/model-struempfe-liegend-300x200.jpg 300w, http:\/\/tittyproductions.com\/wp-content\/uploads\/2025\/03\/model-struempfe-liegend-768x512.jpg 768w, http:\/\/tittyproductions.com\/wp-content\/uploads\/2025\/03\/model-struempfe-liegend-1536x1024.jpg 1536w, http:\/\/tittyproductions.com\/wp-content\/uploads\/2025\/03\/model-struempfe-liegend-2048x1365.jpg 2048w\" sizes=\"auto, (max-width: 1024px) 100vw, 1024px\" \/><\/figure>\n<\/div>\n\n\n<div style=\"height:50px\" aria-hidden=\"true\" class=\"wp-block-spacer\"><\/div>\n\n\n\n<p><strong><mark style=\"background-color:rgba(0, 0, 0, 0)\" class=\"has-inline-color has-vivid-purple-color\">Why choose Titty Productions?<\/mark><\/strong><\/p>\n\n\n\n<p>We stand out from the crowd because we don't offer \u201cone-size-fits-all\u201d productions, but tailor-made, creative erotic videos that arouse the viewers' interest in a very special way. With us, every shoot is unique and respectful. If you are interested in becoming part of a professional, safe and creative team, then we look forward to getting to know you.<\/p>\n\n\n\n<p>Get in touch with us and get the chance to work in an industry that is constantly growing and always offering new opportunities!<\/p>","protected":false},"excerpt":{"rendered":"<p>Die Erotikbranche ist weltweit ein Milliardenmarkt, und mit einem Volumen von rund 200 Milliarden Dollar j\u00e4hrlich ist der Online-Erotikmarkt ein schnell wachsendes Gesch\u00e4ft. Doch nie war es einfacher, ein kleines St\u00fcck von diesem riesigen Kuchen abzubekommen. Dank des fortschreitenden technischen Fortschritts ist es inzwischen m\u00f6glich, qualitativ hochwertigen Video-Content zu produzieren \u2013 und das auf eine [&hellip;]<\/p>\n","protected":false},"author":1,"featured_media":0,"parent":0,"menu_order":0,"comment_status":"closed","ping_status":"closed","template":"templates\/template-page-full-width.php","meta":{"footnotes":""},"class_list":["post-189","page","type-page","status-publish","hentry"],"yoast_head":"<!-- This site is optimized with the Yoast SEO plugin v27.4 - https:\/\/yoast.com\/product\/yoast-seo-wordpress\/ -->\n<title>Casting &amp; Dreh - Titty Productions<\/title>\n<meta name=\"robots\" content=\"index, follow, max-snippet:-1, max-image-preview:large, max-video-preview:-1\" \/>\n<link rel=\"canonical\" href=\"http:\/\/tittyproductions.com\/en\/casting-dreh\/\" \/>\n<meta property=\"og:locale\" content=\"en_US\" \/>\n<meta property=\"og:type\" content=\"article\" \/>\n<meta property=\"og:title\" content=\"Casting &amp; Dreh - Titty Productions\" \/>\n<meta property=\"og:description\" content=\"Die Erotikbranche ist weltweit ein Milliardenmarkt, und mit einem Volumen von rund 200 Milliarden Dollar j\u00e4hrlich ist der Online-Erotikmarkt ein schnell wachsendes Gesch\u00e4ft. Doch nie war es einfacher, ein kleines St\u00fcck von diesem riesigen Kuchen abzubekommen. Dank des fortschreitenden technischen Fortschritts ist es inzwischen m\u00f6glich, qualitativ hochwertigen Video-Content zu produzieren \u2013 und das auf eine [&hellip;]\" \/>\n<meta property=\"og:url\" content=\"http:\/\/tittyproductions.com\/en\/casting-dreh\/\" \/>\n<meta property=\"og:site_name\" content=\"Titty Productions\" \/>\n<meta property=\"article:modified_time\" content=\"2025-03-12T09:25:44+00:00\" \/>\n<meta property=\"og:image\" content=\"http:\/\/tittyproductions.com\/wp-content\/uploads\/2025\/03\/model-hotel-vorhang-scaled.jpg\" \/>\n\t<meta property=\"og:image:width\" content=\"2560\" \/>\n\t<meta property=\"og:image:height\" content=\"1707\" \/>\n\t<meta property=\"og:image:type\" content=\"image\/jpeg\" \/>\n<meta name=\"twitter:card\" content=\"summary_large_image\" \/>\n<meta name=\"twitter:label1\" content=\"Est. reading time\" \/>\n\t<meta name=\"twitter:data1\" content=\"3 minutes\" \/>\n<script type=\"application\/ld+json\" class=\"yoast-schema-graph\">{\"@context\":\"https:\\\/\\\/schema.org\",\"@graph\":[{\"@type\":\"WebPage\",\"@id\":\"http:\\\/\\\/tittyproductions.com\\\/casting-dreh\",\"url\":\"http:\\\/\\\/tittyproductions.com\\\/casting-dreh\",\"name\":\"Casting &amp; Dreh - Titty Productions\",\"isPartOf\":{\"@id\":\"http:\\\/\\\/tittyproductions.com\\\/#website\"},\"primaryImageOfPage\":{\"@id\":\"http:\\\/\\\/tittyproductions.com\\\/casting-dreh#primaryimage\"},\"image\":{\"@id\":\"http:\\\/\\\/tittyproductions.com\\\/casting-dreh#primaryimage\"},\"thumbnailUrl\":\"http:\\\/\\\/tittyproductions.com\\\/wp-content\\\/uploads\\\/2025\\\/03\\\/model-hotel-vorhang-1024x683.jpg\",\"datePublished\":\"2025-03-04T10:17:23+00:00\",\"dateModified\":\"2025-03-12T09:25:44+00:00\",\"breadcrumb\":{\"@id\":\"http:\\\/\\\/tittyproductions.com\\\/casting-dreh#breadcrumb\"},\"inLanguage\":\"en-US\",\"potentialAction\":[{\"@type\":\"ReadAction\",\"target\":[\"http:\\\/\\\/tittyproductions.com\\\/casting-dreh\"]}]},{\"@type\":\"ImageObject\",\"inLanguage\":\"en-US\",\"@id\":\"http:\\\/\\\/tittyproductions.com\\\/casting-dreh#primaryimage\",\"url\":\"http:\\\/\\\/tittyproductions.com\\\/wp-content\\\/uploads\\\/2025\\\/03\\\/model-hotel-vorhang-1024x683.jpg\",\"contentUrl\":\"http:\\\/\\\/tittyproductions.com\\\/wp-content\\\/uploads\\\/2025\\\/03\\\/model-hotel-vorhang-1024x683.jpg\"},{\"@type\":\"BreadcrumbList\",\"@id\":\"http:\\\/\\\/tittyproductions.com\\\/casting-dreh#breadcrumb\",\"itemListElement\":[{\"@type\":\"ListItem\",\"position\":1,\"name\":\"Startseite\",\"item\":\"http:\\\/\\\/tittyproductions.com\\\/\"},{\"@type\":\"ListItem\",\"position\":2,\"name\":\"Casting &amp; Dreh\"}]},{\"@type\":\"WebSite\",\"@id\":\"http:\\\/\\\/tittyproductions.com\\\/#website\",\"url\":\"http:\\\/\\\/tittyproductions.com\\\/\",\"name\":\"Titty Productions\",\"description\":\"\",\"publisher\":{\"@id\":\"http:\\\/\\\/tittyproductions.com\\\/#organization\"},\"potentialAction\":[{\"@type\":\"SearchAction\",\"target\":{\"@type\":\"EntryPoint\",\"urlTemplate\":\"http:\\\/\\\/tittyproductions.com\\\/?s={search_term_string}\"},\"query-input\":{\"@type\":\"PropertyValueSpecification\",\"valueRequired\":true,\"valueName\":\"search_term_string\"}}],\"inLanguage\":\"en-US\"},{\"@type\":\"Organization\",\"@id\":\"http:\\\/\\\/tittyproductions.com\\\/#organization\",\"name\":\"Titty Productions - Dein Einstieg in die Erwachsenen-Unterhaltung\",\"url\":\"http:\\\/\\\/tittyproductions.com\\\/\",\"logo\":{\"@type\":\"ImageObject\",\"inLanguage\":\"en-US\",\"@id\":\"http:\\\/\\\/tittyproductions.com\\\/#\\\/schema\\\/logo\\\/image\\\/\",\"url\":\"http:\\\/\\\/tittyproductions.com\\\/wp-content\\\/uploads\\\/2025\\\/02\\\/tittyproductions_logo_animated.gif\",\"contentUrl\":\"http:\\\/\\\/tittyproductions.com\\\/wp-content\\\/uploads\\\/2025\\\/02\\\/tittyproductions_logo_animated.gif\",\"width\":1200,\"height\":1200,\"caption\":\"Titty Productions - Dein Einstieg in die Erwachsenen-Unterhaltung\"},\"image\":{\"@id\":\"http:\\\/\\\/tittyproductions.com\\\/#\\\/schema\\\/logo\\\/image\\\/\"},\"sameAs\":[\"https:\\\/\\\/www.instagram.com\\\/tittyproductions\\\/\"]}]}<\/script>\n<!-- \/ Yoast SEO plugin. -->","yoast_head_json":{"title":"Casting &amp; Dreh - Titty Productions","robots":{"index":"index","follow":"follow","max-snippet":"max-snippet:-1","max-image-preview":"max-image-preview:large","max-video-preview":"max-video-preview:-1"},"canonical":"http:\/\/tittyproductions.com\/en\/casting-dreh\/","og_locale":"en_US","og_type":"article","og_title":"Casting &amp; Dreh - Titty Productions","og_description":"Die Erotikbranche ist weltweit ein Milliardenmarkt, und mit einem Volumen von rund 200 Milliarden Dollar j\u00e4hrlich ist der Online-Erotikmarkt ein schnell wachsendes Gesch\u00e4ft. Doch nie war es einfacher, ein kleines St\u00fcck von diesem riesigen Kuchen abzubekommen. Dank des fortschreitenden technischen Fortschritts ist es inzwischen m\u00f6glich, qualitativ hochwertigen Video-Content zu produzieren \u2013 und das auf eine [&hellip;]","og_url":"http:\/\/tittyproductions.com\/en\/casting-dreh\/","og_site_name":"Titty Productions","article_modified_time":"2025-03-12T09:25:44+00:00","og_image":[{"width":2560,"height":1707,"url":"http:\/\/tittyproductions.com\/wp-content\/uploads\/2025\/03\/model-hotel-vorhang-scaled.jpg","type":"image\/jpeg"}],"twitter_card":"summary_large_image","twitter_misc":{"Est. reading time":"3 minutes"},"schema":{"@context":"https:\/\/schema.org","@graph":[{"@type":"WebPage","@id":"http:\/\/tittyproductions.com\/casting-dreh","url":"http:\/\/tittyproductions.com\/casting-dreh","name":"Casting &amp; Dreh - Titty Productions","isPartOf":{"@id":"http:\/\/tittyproductions.com\/#website"},"primaryImageOfPage":{"@id":"http:\/\/tittyproductions.com\/casting-dreh#primaryimage"},"image":{"@id":"http:\/\/tittyproductions.com\/casting-dreh#primaryimage"},"thumbnailUrl":"http:\/\/tittyproductions.com\/wp-content\/uploads\/2025\/03\/model-hotel-vorhang-1024x683.jpg","datePublished":"2025-03-04T10:17:23+00:00","dateModified":"2025-03-12T09:25:44+00:00","breadcrumb":{"@id":"http:\/\/tittyproductions.com\/casting-dreh#breadcrumb"},"inLanguage":"en-US","potentialAction":[{"@type":"ReadAction","target":["http:\/\/tittyproductions.com\/casting-dreh"]}]},{"@type":"ImageObject","inLanguage":"en-US","@id":"http:\/\/tittyproductions.com\/casting-dreh#primaryimage","url":"http:\/\/tittyproductions.com\/wp-content\/uploads\/2025\/03\/model-hotel-vorhang-1024x683.jpg","contentUrl":"http:\/\/tittyproductions.com\/wp-content\/uploads\/2025\/03\/model-hotel-vorhang-1024x683.jpg"},{"@type":"BreadcrumbList","@id":"http:\/\/tittyproductions.com\/casting-dreh#breadcrumb","itemListElement":[{"@type":"ListItem","position":1,"name":"Startseite","item":"http:\/\/tittyproductions.com\/"},{"@type":"ListItem","position":2,"name":"Casting &amp; Dreh"}]},{"@type":"WebSite","@id":"http:\/\/tittyproductions.com\/#website","url":"http:\/\/tittyproductions.com\/","name":"Titty Productions","description":"","publisher":{"@id":"http:\/\/tittyproductions.com\/#organization"},"potentialAction":[{"@type":"SearchAction","target":{"@type":"EntryPoint","urlTemplate":"http:\/\/tittyproductions.com\/?s={search_term_string}"},"query-input":{"@type":"PropertyValueSpecification","valueRequired":true,"valueName":"search_term_string"}}],"inLanguage":"en-US"},{"@type":"Organization","@id":"http:\/\/tittyproductions.com\/#organization","name":"Titty Productions - Dein Einstieg in die Erwachsenen-Unterhaltung","url":"http:\/\/tittyproductions.com\/","logo":{"@type":"ImageObject","inLanguage":"en-US","@id":"http:\/\/tittyproductions.com\/#\/schema\/logo\/image\/","url":"http:\/\/tittyproductions.com\/wp-content\/uploads\/2025\/02\/tittyproductions_logo_animated.gif","contentUrl":"http:\/\/tittyproductions.com\/wp-content\/uploads\/2025\/02\/tittyproductions_logo_animated.gif","width":1200,"height":1200,"caption":"Titty Productions - Dein Einstieg in die Erwachsenen-Unterhaltung"},"image":{"@id":"http:\/\/tittyproductions.com\/#\/schema\/logo\/image\/"},"sameAs":["https:\/\/www.instagram.com\/tittyproductions\/"]}]}},"_links":{"self":[{"href":"http:\/\/tittyproductions.com\/en\/wp-json\/wp\/v2\/pages\/189","targetHints":{"allow":["GET"]}}],"collection":[{"href":"http:\/\/tittyproductions.com\/en\/wp-json\/wp\/v2\/pages"}],"about":[{"href":"http:\/\/tittyproductions.com\/en\/wp-json\/wp\/v2\/types\/page"}],"author":[{"embeddable":true,"href":"http:\/\/tittyproductions.com\/en\/wp-json\/wp\/v2\/users\/1"}],"replies":[{"embeddable":true,"href":"http:\/\/tittyproductions.com\/en\/wp-json\/wp\/v2\/comments?post=189"}],"version-history":[{"count":7,"href":"http:\/\/tittyproductions.com\/en\/wp-json\/wp\/v2\/pages\/189\/revisions"}],"predecessor-version":[{"id":205,"href":"http:\/\/tittyproductions.com\/en\/wp-json\/wp\/v2\/pages\/189\/revisions\/205"}],"wp:attachment":[{"href":"http:\/\/tittyproductions.com\/en\/wp-json\/wp\/v2\/media?parent=189"}],"curies":[{"name":"wp","href":"https:\/\/api.w.org\/{rel}","templated":true}]}}