{"id":67,"date":"2025-03-03T08:07:32","date_gmt":"2025-03-03T08:07:32","guid":{"rendered":"http:\/\/tittyproductions.com\/?page_id=67"},"modified":"2025-03-12T09:28:50","modified_gmt":"2025-03-12T09:28:50","slug":"modelauswahl","status":"publish","type":"page","link":"http:\/\/tittyproductions.com\/en\/modelauswahl","title":{"rendered":"Model selection"},"content":{"rendered":"<p><strong>Model selection at Titty Productions <mark style=\"background-color:rgba(0, 0, 0, 0)\" class=\"has-inline-color has-vivid-purple-color\">Diversity and beauty without limits<\/mark><\/strong><\/p>\n\n\n\n<p>At Titty Productions, we value diversity, individuality and authenticity. We believe that true beauty comes in many forms and facets, which is why we attract models from all walks of life and backgrounds. Our model selection is based on the following principles:<\/p>\n\n\n\n<ol class=\"wp-block-list\">\n<li><strong><mark style=\"background-color:rgba(0, 0, 0, 0)\" class=\"has-inline-color has-vivid-purple-color\">Appeal<\/mark><\/strong><br>Beauty is subjective, and at Titty Productions we understand that true attractiveness is more than just physical appearance. We're all about the charisma, confidence and personality that a model brings to the table. We look for people who feel comfortable in their own skin and radiate this positive energy.<\/li>\n\n\n\n<li><strong><mark style=\"background-color:rgba(0, 0, 0, 0)\" class=\"has-inline-color has-vivid-purple-color\">Open-mindedness<\/mark><\/strong><br>We value models who are open to new experiences and are not afraid to express themselves. Openness to different ideas and projects, coupled with a willingness to explore new perspectives, are qualities that we particularly encourage at our agency. With us there are no taboos, only opportunities for self-development.<\/li>\n\n\n\n<li><strong><mark style=\"background-color:rgba(0, 0, 0, 0)\" class=\"has-inline-color has-vivid-purple-color\">Regardless of color and weight<\/mark><\/strong><br>Our model selection is free of prejudice. It doesn't matter what your skin color or body shape is - we believe that everyone is unique and beautiful just the way they are. Titty Productions prides itself on providing a platform that celebrates diversity. We foster an environment where models can thrive without restrictions and stereotypes.<\/li>\n<\/ol>\n\n\n\n<p>Titty Productions stands for inclusion and self-acceptance. If you feel comfortable in a respectful, creative environment and want to be part of a team that values diversity and individuality, you've come to the right place. Join us and show the world your true beauty!<\/p>\n\n\n<div class=\"wp-block-image\">\n<figure class=\"aligncenter size-large\"><img loading=\"lazy\" decoding=\"async\" width=\"2560\" height=\"2560\" src=\"http:\/\/tittyproductions.com\/wp-content\/uploads\/2025\/03\/darstellerinnen-weiss-farbig-edited-scaled.jpg\" alt=\"\" class=\"wp-image-151\" style=\"aspect-ratio:1;object-fit:cover\" srcset=\"http:\/\/tittyproductions.com\/wp-content\/uploads\/2025\/03\/darstellerinnen-weiss-farbig-edited-scaled.jpg 2560w, http:\/\/tittyproductions.com\/wp-content\/uploads\/2025\/03\/darstellerinnen-weiss-farbig-edited-300x300.jpg 300w, http:\/\/tittyproductions.com\/wp-content\/uploads\/2025\/03\/darstellerinnen-weiss-farbig-edited-1024x1024.jpg 1024w, http:\/\/tittyproductions.com\/wp-content\/uploads\/2025\/03\/darstellerinnen-weiss-farbig-edited-150x150.jpg 150w, http:\/\/tittyproductions.com\/wp-content\/uploads\/2025\/03\/darstellerinnen-weiss-farbig-edited-768x768.jpg 768w, http:\/\/tittyproductions.com\/wp-content\/uploads\/2025\/03\/darstellerinnen-weiss-farbig-edited-1536x1536.jpg 1536w, http:\/\/tittyproductions.com\/wp-content\/uploads\/2025\/03\/darstellerinnen-weiss-farbig-edited-2048x2048.jpg 2048w\" sizes=\"auto, (max-width: 2560px) 100vw, 2560px\" \/><\/figure>\n<\/div>","protected":false},"excerpt":{"rendered":"<p>Model-Auswahl bei Titty Productions: Vielfalt und Sch\u00f6nheit ohne Grenzen Bei Titty Productions legen wir gr\u00f6\u00dften Wert auf Diversit\u00e4t, Individualit\u00e4t und Authentizit\u00e4t. Wir sind \u00fcberzeugt, dass wahre Sch\u00f6nheit in vielen Formen und Facetten existiert, weshalb wir Models aus allen Lebensbereichen und mit unterschiedlichsten Hintergr\u00fcnden ansprechen. Unsere Model-Auswahl basiert auf den folgenden Prinzipien: Titty Productions steht f\u00fcr [&hellip;]<\/p>\n","protected":false},"author":1,"featured_media":0,"parent":0,"menu_order":0,"comment_status":"closed","ping_status":"closed","template":"templates\/template-page-full-width.php","meta":{"footnotes":""},"class_list":["post-67","page","type-page","status-publish","hentry"],"yoast_head":"<!-- This site is optimized with the Yoast SEO plugin v27.4 - https:\/\/yoast.com\/product\/yoast-seo-wordpress\/ -->\n<title>Modelauswahl - Titty Productions<\/title>\n<meta name=\"robots\" content=\"index, follow, max-snippet:-1, max-image-preview:large, max-video-preview:-1\" \/>\n<link rel=\"canonical\" href=\"http:\/\/tittyproductions.com\/en\/modelauswahl\/\" \/>\n<meta property=\"og:locale\" content=\"en_US\" \/>\n<meta property=\"og:type\" content=\"article\" \/>\n<meta property=\"og:title\" content=\"Modelauswahl - Titty Productions\" \/>\n<meta property=\"og:description\" content=\"Model-Auswahl bei Titty Productions: Vielfalt und Sch\u00f6nheit ohne Grenzen Bei Titty Productions legen wir gr\u00f6\u00dften Wert auf Diversit\u00e4t, Individualit\u00e4t und Authentizit\u00e4t. Wir sind \u00fcberzeugt, dass wahre Sch\u00f6nheit in vielen Formen und Facetten existiert, weshalb wir Models aus allen Lebensbereichen und mit unterschiedlichsten Hintergr\u00fcnden ansprechen. Unsere Model-Auswahl basiert auf den folgenden Prinzipien: Titty Productions steht f\u00fcr [&hellip;]\" \/>\n<meta property=\"og:url\" content=\"http:\/\/tittyproductions.com\/en\/modelauswahl\/\" \/>\n<meta property=\"og:site_name\" content=\"Titty Productions\" \/>\n<meta property=\"article:modified_time\" content=\"2025-03-12T09:28:50+00:00\" \/>\n<meta property=\"og:image\" content=\"http:\/\/tittyproductions.com\/wp-content\/uploads\/2025\/03\/darstellerinnen-weiss-farbig-edited-scaled.jpg\" \/>\n\t<meta property=\"og:image:width\" content=\"2560\" \/>\n\t<meta property=\"og:image:height\" content=\"2560\" \/>\n\t<meta property=\"og:image:type\" content=\"image\/jpeg\" \/>\n<meta name=\"twitter:card\" content=\"summary_large_image\" \/>\n<meta name=\"twitter:label1\" content=\"Est. reading time\" \/>\n\t<meta name=\"twitter:data1\" content=\"2 minutes\" \/>\n<script type=\"application\/ld+json\" class=\"yoast-schema-graph\">{\"@context\":\"https:\\\/\\\/schema.org\",\"@graph\":[{\"@type\":\"WebPage\",\"@id\":\"http:\\\/\\\/tittyproductions.com\\\/modelauswahl\",\"url\":\"http:\\\/\\\/tittyproductions.com\\\/modelauswahl\",\"name\":\"Modelauswahl - Titty Productions\",\"isPartOf\":{\"@id\":\"http:\\\/\\\/tittyproductions.com\\\/#website\"},\"primaryImageOfPage\":{\"@id\":\"http:\\\/\\\/tittyproductions.com\\\/modelauswahl#primaryimage\"},\"image\":{\"@id\":\"http:\\\/\\\/tittyproductions.com\\\/modelauswahl#primaryimage\"},\"thumbnailUrl\":\"http:\\\/\\\/tittyproductions.com\\\/wp-content\\\/uploads\\\/2025\\\/03\\\/darstellerinnen-weiss-farbig-edited-scaled.jpg\",\"datePublished\":\"2025-03-03T08:07:32+00:00\",\"dateModified\":\"2025-03-12T09:28:50+00:00\",\"breadcrumb\":{\"@id\":\"http:\\\/\\\/tittyproductions.com\\\/modelauswahl#breadcrumb\"},\"inLanguage\":\"en-US\",\"potentialAction\":[{\"@type\":\"ReadAction\",\"target\":[\"http:\\\/\\\/tittyproductions.com\\\/modelauswahl\"]}]},{\"@type\":\"ImageObject\",\"inLanguage\":\"en-US\",\"@id\":\"http:\\\/\\\/tittyproductions.com\\\/modelauswahl#primaryimage\",\"url\":\"http:\\\/\\\/tittyproductions.com\\\/wp-content\\\/uploads\\\/2025\\\/03\\\/darstellerinnen-weiss-farbig-edited-scaled.jpg\",\"contentUrl\":\"http:\\\/\\\/tittyproductions.com\\\/wp-content\\\/uploads\\\/2025\\\/03\\\/darstellerinnen-weiss-farbig-edited-scaled.jpg\"},{\"@type\":\"BreadcrumbList\",\"@id\":\"http:\\\/\\\/tittyproductions.com\\\/modelauswahl#breadcrumb\",\"itemListElement\":[{\"@type\":\"ListItem\",\"position\":1,\"name\":\"Startseite\",\"item\":\"http:\\\/\\\/tittyproductions.com\\\/\"},{\"@type\":\"ListItem\",\"position\":2,\"name\":\"Modelauswahl\"}]},{\"@type\":\"WebSite\",\"@id\":\"http:\\\/\\\/tittyproductions.com\\\/#website\",\"url\":\"http:\\\/\\\/tittyproductions.com\\\/\",\"name\":\"Titty Productions\",\"description\":\"\",\"publisher\":{\"@id\":\"http:\\\/\\\/tittyproductions.com\\\/#organization\"},\"potentialAction\":[{\"@type\":\"SearchAction\",\"target\":{\"@type\":\"EntryPoint\",\"urlTemplate\":\"http:\\\/\\\/tittyproductions.com\\\/?s={search_term_string}\"},\"query-input\":{\"@type\":\"PropertyValueSpecification\",\"valueRequired\":true,\"valueName\":\"search_term_string\"}}],\"inLanguage\":\"en-US\"},{\"@type\":\"Organization\",\"@id\":\"http:\\\/\\\/tittyproductions.com\\\/#organization\",\"name\":\"Titty Productions - Dein Einstieg in die Erwachsenen-Unterhaltung\",\"url\":\"http:\\\/\\\/tittyproductions.com\\\/\",\"logo\":{\"@type\":\"ImageObject\",\"inLanguage\":\"en-US\",\"@id\":\"http:\\\/\\\/tittyproductions.com\\\/#\\\/schema\\\/logo\\\/image\\\/\",\"url\":\"http:\\\/\\\/tittyproductions.com\\\/wp-content\\\/uploads\\\/2025\\\/02\\\/tittyproductions_logo_animated.gif\",\"contentUrl\":\"http:\\\/\\\/tittyproductions.com\\\/wp-content\\\/uploads\\\/2025\\\/02\\\/tittyproductions_logo_animated.gif\",\"width\":1200,\"height\":1200,\"caption\":\"Titty Productions - Dein Einstieg in die Erwachsenen-Unterhaltung\"},\"image\":{\"@id\":\"http:\\\/\\\/tittyproductions.com\\\/#\\\/schema\\\/logo\\\/image\\\/\"},\"sameAs\":[\"https:\\\/\\\/www.instagram.com\\\/tittyproductions\\\/\"]}]}<\/script>\n<!-- \/ Yoast SEO plugin. -->","yoast_head_json":{"title":"Modelauswahl - Titty Productions","robots":{"index":"index","follow":"follow","max-snippet":"max-snippet:-1","max-image-preview":"max-image-preview:large","max-video-preview":"max-video-preview:-1"},"canonical":"http:\/\/tittyproductions.com\/en\/modelauswahl\/","og_locale":"en_US","og_type":"article","og_title":"Modelauswahl - Titty Productions","og_description":"Model-Auswahl bei Titty Productions: Vielfalt und Sch\u00f6nheit ohne Grenzen Bei Titty Productions legen wir gr\u00f6\u00dften Wert auf Diversit\u00e4t, Individualit\u00e4t und Authentizit\u00e4t. Wir sind \u00fcberzeugt, dass wahre Sch\u00f6nheit in vielen Formen und Facetten existiert, weshalb wir Models aus allen Lebensbereichen und mit unterschiedlichsten Hintergr\u00fcnden ansprechen. Unsere Model-Auswahl basiert auf den folgenden Prinzipien: Titty Productions steht f\u00fcr [&hellip;]","og_url":"http:\/\/tittyproductions.com\/en\/modelauswahl\/","og_site_name":"Titty Productions","article_modified_time":"2025-03-12T09:28:50+00:00","og_image":[{"width":2560,"height":2560,"url":"http:\/\/tittyproductions.com\/wp-content\/uploads\/2025\/03\/darstellerinnen-weiss-farbig-edited-scaled.jpg","type":"image\/jpeg"}],"twitter_card":"summary_large_image","twitter_misc":{"Est. reading time":"2 minutes"},"schema":{"@context":"https:\/\/schema.org","@graph":[{"@type":"WebPage","@id":"http:\/\/tittyproductions.com\/modelauswahl","url":"http:\/\/tittyproductions.com\/modelauswahl","name":"Modelauswahl - Titty Productions","isPartOf":{"@id":"http:\/\/tittyproductions.com\/#website"},"primaryImageOfPage":{"@id":"http:\/\/tittyproductions.com\/modelauswahl#primaryimage"},"image":{"@id":"http:\/\/tittyproductions.com\/modelauswahl#primaryimage"},"thumbnailUrl":"http:\/\/tittyproductions.com\/wp-content\/uploads\/2025\/03\/darstellerinnen-weiss-farbig-edited-scaled.jpg","datePublished":"2025-03-03T08:07:32+00:00","dateModified":"2025-03-12T09:28:50+00:00","breadcrumb":{"@id":"http:\/\/tittyproductions.com\/modelauswahl#breadcrumb"},"inLanguage":"en-US","potentialAction":[{"@type":"ReadAction","target":["http:\/\/tittyproductions.com\/modelauswahl"]}]},{"@type":"ImageObject","inLanguage":"en-US","@id":"http:\/\/tittyproductions.com\/modelauswahl#primaryimage","url":"http:\/\/tittyproductions.com\/wp-content\/uploads\/2025\/03\/darstellerinnen-weiss-farbig-edited-scaled.jpg","contentUrl":"http:\/\/tittyproductions.com\/wp-content\/uploads\/2025\/03\/darstellerinnen-weiss-farbig-edited-scaled.jpg"},{"@type":"BreadcrumbList","@id":"http:\/\/tittyproductions.com\/modelauswahl#breadcrumb","itemListElement":[{"@type":"ListItem","position":1,"name":"Startseite","item":"http:\/\/tittyproductions.com\/"},{"@type":"ListItem","position":2,"name":"Modelauswahl"}]},{"@type":"WebSite","@id":"http:\/\/tittyproductions.com\/#website","url":"http:\/\/tittyproductions.com\/","name":"Titty Productions","description":"","publisher":{"@id":"http:\/\/tittyproductions.com\/#organization"},"potentialAction":[{"@type":"SearchAction","target":{"@type":"EntryPoint","urlTemplate":"http:\/\/tittyproductions.com\/?s={search_term_string}"},"query-input":{"@type":"PropertyValueSpecification","valueRequired":true,"valueName":"search_term_string"}}],"inLanguage":"en-US"},{"@type":"Organization","@id":"http:\/\/tittyproductions.com\/#organization","name":"Titty Productions - Dein Einstieg in die Erwachsenen-Unterhaltung","url":"http:\/\/tittyproductions.com\/","logo":{"@type":"ImageObject","inLanguage":"en-US","@id":"http:\/\/tittyproductions.com\/#\/schema\/logo\/image\/","url":"http:\/\/tittyproductions.com\/wp-content\/uploads\/2025\/02\/tittyproductions_logo_animated.gif","contentUrl":"http:\/\/tittyproductions.com\/wp-content\/uploads\/2025\/02\/tittyproductions_logo_animated.gif","width":1200,"height":1200,"caption":"Titty Productions - Dein Einstieg in die Erwachsenen-Unterhaltung"},"image":{"@id":"http:\/\/tittyproductions.com\/#\/schema\/logo\/image\/"},"sameAs":["https:\/\/www.instagram.com\/tittyproductions\/"]}]}},"_links":{"self":[{"href":"http:\/\/tittyproductions.com\/en\/wp-json\/wp\/v2\/pages\/67","targetHints":{"allow":["GET"]}}],"collection":[{"href":"http:\/\/tittyproductions.com\/en\/wp-json\/wp\/v2\/pages"}],"about":[{"href":"http:\/\/tittyproductions.com\/en\/wp-json\/wp\/v2\/types\/page"}],"author":[{"embeddable":true,"href":"http:\/\/tittyproductions.com\/en\/wp-json\/wp\/v2\/users\/1"}],"replies":[{"embeddable":true,"href":"http:\/\/tittyproductions.com\/en\/wp-json\/wp\/v2\/comments?post=67"}],"version-history":[{"count":3,"href":"http:\/\/tittyproductions.com\/en\/wp-json\/wp\/v2\/pages\/67\/revisions"}],"predecessor-version":[{"id":207,"href":"http:\/\/tittyproductions.com\/en\/wp-json\/wp\/v2\/pages\/67\/revisions\/207"}],"wp:attachment":[{"href":"http:\/\/tittyproductions.com\/en\/wp-json\/wp\/v2\/media?parent=67"}],"curies":[{"name":"wp","href":"https:\/\/api.w.org\/{rel}","templated":true}]}}